{"id":428,"date":"2021-01-25T22:17:34","date_gmt":"2021-01-26T04:17:34","guid":{"rendered":"http:\/\/tienda-online.gomafacil.com\/info\/?page_id=428"},"modified":"2021-05-04T16:50:44","modified_gmt":"2021-05-04T21:50:44","slug":"blog","status":"publish","type":"page","link":"https:\/\/berny.mx\/info\/blog\/","title":{"rendered":"blog"},"content":{"rendered":"\t\t<div data-elementor-type=\"wp-page\" data-elementor-id=\"428\" class=\"elementor elementor-428\" data-elementor-settings=\"[]\">\n\t\t\t\t\t\t<div class=\"elementor-inner\">\n\t\t\t\t\t\t\t<div class=\"elementor-section-wrap\">\n\t\t\t\t\t\t\t<section class=\"elementor-section elementor-top-section elementor-element elementor-element-095e143 elementor-section-boxed elementor-section-height-default elementor-section-height-default\" data-id=\"095e143\" data-element_type=\"section\">\n\t\t\t\t\t\t<div class=\"elementor-container elementor-column-gap-default\">\n\t\t\t\t\t\t\t<div class=\"elementor-row\">\n\t\t\t\t\t<div class=\"elementor-column elementor-col-100 elementor-top-column elementor-element elementor-element-0ee0e19\" data-id=\"0ee0e19\" data-element_type=\"column\">\n\t\t\t<div class=\"elementor-column-wrap elementor-element-populated\">\n\t\t\t\t\t\t\t<div class=\"elementor-widget-wrap\">\n\t\t\t\t\t\t<div class=\"elementor-element elementor-element-8444d30 elementor-widget elementor-widget-jet-ajax-search\" data-id=\"8444d30\" data-element_type=\"widget\" data-widget_type=\"jet-ajax-search.default\">\n\t\t\t\t<div class=\"elementor-widget-container\">\n\t\t\t<div class=\"elementor-jet-ajax-search jet-search\">\n<div class=\"jet-ajax-search jet-ajax-search--mobile-skin\" data-settings=\"{&quot;search_source&quot;:&quot;any&quot;,&quot;search_taxonomy&quot;:&quot;category&quot;,&quot;include_terms_ids&quot;:&quot;&quot;,&quot;exclude_terms_ids&quot;:&quot;&quot;,&quot;exclude_posts_ids&quot;:&quot;&quot;,&quot;custom_fields_source&quot;:&quot;&quot;,&quot;limit_query&quot;:5,&quot;limit_query_tablet&quot;:&quot;&quot;,&quot;limit_query_mobile&quot;:&quot;&quot;,&quot;limit_query_in_result_area&quot;:25,&quot;results_order_by&quot;:&quot;relevance&quot;,&quot;results_order&quot;:&quot;asc&quot;,&quot;sentence&quot;:&quot;&quot;,&quot;results_area_width_by&quot;:&quot;form&quot;,&quot;thumbnail_visible&quot;:&quot;&quot;,&quot;thumbnail_size&quot;:&quot;&quot;,&quot;thumbnail_placeholder&quot;:&quot;&quot;,&quot;post_content_source&quot;:&quot;content&quot;,&quot;post_content_custom_field_key&quot;:&quot;&quot;,&quot;post_content_length&quot;:30,&quot;show_product_price&quot;:&quot;&quot;,&quot;show_product_rating&quot;:&quot;&quot;,&quot;bullet_pagination&quot;:&quot;&quot;,&quot;number_pagination&quot;:&quot;&quot;,&quot;navigation_arrows&quot;:&quot;in_header&quot;,&quot;navigation_arrows_type&quot;:&quot;fa fa-angle-left&quot;,&quot;show_title_related_meta&quot;:&quot;&quot;,&quot;meta_title_related_position&quot;:&quot;&quot;,&quot;title_related_meta&quot;:&quot;&quot;,&quot;show_content_related_meta&quot;:&quot;&quot;,&quot;meta_content_related_position&quot;:&quot;&quot;,&quot;content_related_meta&quot;:&quot;&quot;,&quot;negative_search&quot;:&quot;Sorry, but nothing matched your search terms.&quot;,&quot;server_error&quot;:&quot;Sorry, but we cannot handle your search query now. Please, try again later!&quot;}\">\n<form class=\"jet-ajax-search__form\" method=\"get\" action=\"https:\/\/berny.mx\/info\/\" role=\"search\">\n\t<div class=\"jet-ajax-search__fields-holder\">\n\t\t<div class=\"jet-ajax-search__field-wrapper\">\n\t\t\t\t\t\t<input class=\"jet-ajax-search__field\" type=\"search\" placeholder=\"Buscar articulo ...\" value=\"\" name=\"s\" autocomplete=\"off\" \/>\n\t\t\t<input type=\"hidden\" value=\"{&quot;search_taxonomy&quot;:&quot;category&quot;,&quot;results_order_by&quot;:&quot;relevance&quot;,&quot;results_order&quot;:&quot;asc&quot;,&quot;search_source&quot;:&quot;any&quot;}\" name=\"jet_ajax_search_settings\" \/>\n\n\t\t\t\t\t<\/div>\n\t\t<div class=\"jet-ajax-search__categories\"><select  name=\"jet_ajax_search_categories\" data-placeholder=\"Categor\u00edas de blog\" id='jet_ajax_search_categories_8444d30' class='jet-ajax-search__categories-select' >\n\t<option value='0' selected='selected'>Categor\u00edas de blog<\/option>\n\t<option class=\"level-0\" value=\"5\">Ferreter\u00eda<\/option>\n\t<option class=\"level-0\" value=\"6\">Plomer\u00eda<\/option>\n\t<option class=\"level-0\" value=\"8\">Tlapaler\u00eda<\/option>\n\t<option class=\"level-0\" value=\"1\">Todos<\/option>\n<\/select>\n<i class=\"jet-ajax-search__categories-select-icon fas fa-caret-down\"><\/i><\/div>\t<\/div>\n\t\n<button class=\"jet-ajax-search__submit\" type=\"submit\"><span class=\"jet-ajax-search__submit-icon jet-ajax-search-icon\"><i aria-hidden=\"true\" class=\"fas fa-search\"><\/i><\/span><\/button>\n<\/form>\n\n<div class=\"jet-ajax-search__results-area\">\n\t<div class=\"jet-ajax-search__results-holder\">\n\t\t<div class=\"jet-ajax-search__results-header\">\n\t\t\t\t\t\t<div class=\"jet-ajax-search__navigation-holder\"><\/div>\n\t\t<\/div>\n\t\t<div class=\"jet-ajax-search__results-list\">\n\t\t\t<div class=\"jet-ajax-search__results-list-inner\"><\/div>\n\t\t<\/div>\n\t\t<div class=\"jet-ajax-search__results-footer\">\n\t\t\t\t\t\t<div class=\"jet-ajax-search__navigation-holder\"><\/div>\n\t\t<\/div>\n\t<\/div>\n\t<div class=\"jet-ajax-search__message\"><\/div>\n\t\n<div class=\"jet-ajax-search__spinner-holder\">\n\t<div class=\"jet-ajax-search__spinner\">\n\t\t<div class=\"rect rect-1\"><\/div>\n\t\t<div class=\"rect rect-2\"><\/div>\n\t\t<div class=\"rect rect-3\"><\/div>\n\t\t<div class=\"rect rect-4\"><\/div>\n\t\t<div class=\"rect rect-5\"><\/div>\n\t<\/div>\n<\/div>\n<\/div>\n<\/div>\n<\/div>\t\t<\/div>\n\t\t\t\t<\/div>\n\t\t\t\t<section class=\"elementor-section elementor-inner-section elementor-element elementor-element-36f7ad7 elementor-section-boxed elementor-section-height-default elementor-section-height-default\" data-id=\"36f7ad7\" data-element_type=\"section\">\n\t\t\t\t\t\t<div class=\"elementor-container elementor-column-gap-default\">\n\t\t\t\t\t\t\t<div class=\"elementor-row\">\n\t\t\t\t\t<div class=\"elementor-column elementor-col-33 elementor-inner-column elementor-element elementor-element-69cd67b\" data-id=\"69cd67b\" data-element_type=\"column\">\n\t\t\t<div class=\"elementor-column-wrap elementor-element-populated\">\n\t\t\t\t\t\t\t<div class=\"elementor-widget-wrap\">\n\t\t\t\t\t\t<div class=\"elementor-element elementor-element-aa4e41e elementor-widget-divider--view-line elementor-widget elementor-widget-divider\" data-id=\"aa4e41e\" data-element_type=\"widget\" data-widget_type=\"divider.default\">\n\t\t\t\t<div class=\"elementor-widget-container\">\n\t\t\t\t\t<div class=\"elementor-divider\">\n\t\t\t<span class=\"elementor-divider-separator\">\n\t\t\t\t\t\t<\/span>\n\t\t<\/div>\n\t\t\t\t<\/div>\n\t\t\t\t<\/div>\n\t\t\t\t<div class=\"elementor-element elementor-element-fd16067 elementor-widget-divider--view-line elementor-widget elementor-widget-divider\" data-id=\"fd16067\" data-element_type=\"widget\" data-widget_type=\"divider.default\">\n\t\t\t\t<div class=\"elementor-widget-container\">\n\t\t\t\t\t<div class=\"elementor-divider\">\n\t\t\t<span class=\"elementor-divider-separator\">\n\t\t\t\t\t\t<\/span>\n\t\t<\/div>\n\t\t\t\t<\/div>\n\t\t\t\t<\/div>\n\t\t\t\t\t\t<\/div>\n\t\t\t\t\t<\/div>\n\t\t<\/div>\n\t\t\t\t<div class=\"elementor-column elementor-col-33 elementor-inner-column elementor-element elementor-element-1005888\" data-id=\"1005888\" data-element_type=\"column\">\n\t\t\t<div class=\"elementor-column-wrap elementor-element-populated\">\n\t\t\t\t\t\t\t<div class=\"elementor-widget-wrap\">\n\t\t\t\t\t\t<div class=\"elementor-element elementor-element-374ef3b elementor-widget elementor-widget-heading\" data-id=\"374ef3b\" data-element_type=\"widget\" data-widget_type=\"heading.default\">\n\t\t\t\t<div class=\"elementor-widget-container\">\n\t\t\t<h2 class=\"elementor-heading-title elementor-size-default\"><a href=\"http:\/\/9991849103\">BLOG<\/a><\/h2>\t\t<\/div>\n\t\t\t\t<\/div>\n\t\t\t\t\t\t<\/div>\n\t\t\t\t\t<\/div>\n\t\t<\/div>\n\t\t\t\t<div class=\"elementor-column elementor-col-33 elementor-inner-column elementor-element elementor-element-b9987d3\" data-id=\"b9987d3\" data-element_type=\"column\">\n\t\t\t<div class=\"elementor-column-wrap elementor-element-populated\">\n\t\t\t\t\t\t\t<div class=\"elementor-widget-wrap\">\n\t\t\t\t\t\t<div class=\"elementor-element elementor-element-0a506b0 elementor-widget-divider--view-line elementor-widget elementor-widget-divider\" data-id=\"0a506b0\" data-element_type=\"widget\" data-widget_type=\"divider.default\">\n\t\t\t\t<div class=\"elementor-widget-container\">\n\t\t\t\t\t<div class=\"elementor-divider\">\n\t\t\t<span class=\"elementor-divider-separator\">\n\t\t\t\t\t\t<\/span>\n\t\t<\/div>\n\t\t\t\t<\/div>\n\t\t\t\t<\/div>\n\t\t\t\t<div class=\"elementor-element elementor-element-1c2e815 elementor-widget-divider--view-line elementor-widget elementor-widget-divider\" data-id=\"1c2e815\" data-element_type=\"widget\" data-widget_type=\"divider.default\">\n\t\t\t\t<div class=\"elementor-widget-container\">\n\t\t\t\t\t<div class=\"elementor-divider\">\n\t\t\t<span class=\"elementor-divider-separator\">\n\t\t\t\t\t\t<\/span>\n\t\t<\/div>\n\t\t\t\t<\/div>\n\t\t\t\t<\/div>\n\t\t\t\t\t\t<\/div>\n\t\t\t\t\t<\/div>\n\t\t<\/div>\n\t\t\t\t\t\t\t\t<\/div>\n\t\t\t\t\t<\/div>\n\t\t<\/section>\n\t\t\t\t<div class=\"elementor-element elementor-element-47c546a elementor-widget elementor-widget-jet-listing-grid\" data-id=\"47c546a\" data-element_type=\"widget\" data-widget_type=\"jet-listing-grid.default\">\n\t\t\t\t<div class=\"elementor-widget-container\">\n\t\t\t<div class=\"jet-listing-grid jet-listing-grid--lazy-load jet-listing\" data-lazy-load=\"{&quot;offset&quot;:&quot;243px&quot;,&quot;post_id&quot;:428,&quot;queried_id&quot;:&quot;428|WP_Post&quot;}\"><\/div>\t\t<\/div>\n\t\t\t\t<\/div>\n\t\t\t\t\t\t<\/div>\n\t\t\t\t\t<\/div>\n\t\t<\/div>\n\t\t\t\t\t\t\t\t<\/div>\n\t\t\t\t\t<\/div>\n\t\t<\/section>\n\t\t\t\t\t\t<\/div>\n\t\t\t\t\t\t<\/div>\n\t\t\t\t\t<\/div>\n\t\t","protected":false},"excerpt":{"rendered":"<p>Categor\u00edas de blogFerreter\u00edaPlomer\u00edaTlapaler\u00edaTodos BLOG<\/p>\n","protected":false},"author":1,"featured_media":0,"parent":0,"menu_order":0,"comment_status":"closed","ping_status":"closed","template":"","meta":[],"_links":{"self":[{"href":"https:\/\/berny.mx\/info\/wp-json\/wp\/v2\/pages\/428"}],"collection":[{"href":"https:\/\/berny.mx\/info\/wp-json\/wp\/v2\/pages"}],"about":[{"href":"https:\/\/berny.mx\/info\/wp-json\/wp\/v2\/types\/page"}],"author":[{"embeddable":true,"href":"https:\/\/berny.mx\/info\/wp-json\/wp\/v2\/users\/1"}],"replies":[{"embeddable":true,"href":"https:\/\/berny.mx\/info\/wp-json\/wp\/v2\/comments?post=428"}],"version-history":[{"count":16,"href":"https:\/\/berny.mx\/info\/wp-json\/wp\/v2\/pages\/428\/revisions"}],"predecessor-version":[{"id":1145,"href":"https:\/\/berny.mx\/info\/wp-json\/wp\/v2\/pages\/428\/revisions\/1145"}],"wp:attachment":[{"href":"https:\/\/berny.mx\/info\/wp-json\/wp\/v2\/media?parent=428"}],"curies":[{"name":"wp","href":"https:\/\/api.w.org\/{rel}","templated":true}]}}